{"id":179,"date":"2019-07-01T15:02:05","date_gmt":"2019-07-01T15:02:05","guid":{"rendered":"https:\/\/theme.winnertheme.com\/cholot\/?page_id=179"},"modified":"2020-08-06T12:03:13","modified_gmt":"2020-08-06T12:03:13","slug":"about","status":"publish","type":"page","link":"https:\/\/www.ideaufficio.bg.it\/index.php\/about\/","title":{"rendered":"About"},"content":{"rendered":"\t\t<div data-elementor-type=\"wp-post\" data-elementor-id=\"179\" class=\"elementor elementor-179\">\n\t\t\t\t\t\t<div class=\"elementor-inner\">\n\t\t\t\t<div class=\"elementor-section-wrap\">\n\t\t\t\t\t\t\t\t\t<section class=\"elementor-section elementor-top-section elementor-element elementor-element-af83189 elementor-section-content-middle elementor-section-boxed elementor-section-height-default elementor-section-height-default\" data-id=\"af83189\" data-element_type=\"section\" data-settings=\"{&quot;background_background&quot;:&quot;classic&quot;}\">\n\t\t\t\t\t\t\t<div class=\"elementor-background-overlay\"><\/div>\n\t\t\t\t\t\t\t<div class=\"elementor-container elementor-column-gap-extended\">\n\t\t\t\t\t\t\t<div class=\"elementor-row\">\n\t\t\t\t\t<div class=\"elementor-column elementor-col-100 elementor-top-column elementor-element elementor-element-f4a8152\" data-id=\"f4a8152\" data-element_type=\"column\">\n\t\t\t<div class=\"elementor-column-wrap elementor-element-populated\">\n\t\t\t\t\t\t\t<div class=\"elementor-widget-wrap\">\n\t\t\t\t\t\t<div class=\"elementor-element elementor-element-105ff74 elementor-widget elementor-widget-text-editor\" data-id=\"105ff74\" data-element_type=\"widget\" data-widget_type=\"text-editor.default\">\n\t\t\t\t<div class=\"elementor-widget-container\">\n\t\t\t\t\t\t\t\t<div class=\"elementor-text-editor elementor-clearfix\">\n\t\t\t\t<p>IDEA UFFICIO S.R.L<\/p>\t\t\t\t\t<\/div>\n\t\t\t\t\t\t<\/div>\n\t\t\t\t<\/div>\n\t\t\t\t<div class=\"elementor-element elementor-element-ac9a9c6 elementor-widget elementor-widget-cholot-title\" data-id=\"ac9a9c6\" data-element_type=\"widget\" data-widget_type=\"cholot-title.default\">\n\t\t\t\t<div class=\"elementor-widget-container\">\n\t\t\t<h2 class=\"content-title\">CHI SIAMO<\/h2>\t\t<\/div>\n\t\t\t\t<\/div>\n\t\t\t\t<div class=\"elementor-element elementor-element-2aa0bcb elementor-widget-divider--view-line elementor-widget elementor-widget-divider\" data-id=\"2aa0bcb\" data-element_type=\"widget\" data-widget_type=\"divider.default\">\n\t\t\t\t<div class=\"elementor-widget-container\">\n\t\t\t\t\t<div class=\"elementor-divider\">\n\t\t\t<span class=\"elementor-divider-separator\">\n\t\t\t\t\t\t<\/span>\n\t\t<\/div>\n\t\t\t\t<\/div>\n\t\t\t\t<\/div>\n\t\t\t\t\t\t<\/div>\n\t\t\t\t\t<\/div>\n\t\t<\/div>\n\t\t\t\t\t\t\t\t<\/div>\n\t\t\t\t\t<\/div>\n\t\t<\/section>\n\t\t\t\t<section class=\"elementor-section elementor-top-section elementor-element elementor-element-3621e95e elementor-section-content-bottom elementor-section-boxed elementor-section-height-default elementor-section-height-default\" data-id=\"3621e95e\" data-element_type=\"section\" data-settings=\"{&quot;shape_divider_bottom&quot;:&quot;mountains&quot;}\">\n\t\t\t\t\t<div class=\"elementor-shape elementor-shape-bottom\" data-negative=\"false\">\n\t\t\t<svg xmlns=\"http:\/\/www.w3.org\/2000\/svg\" viewBox=\"0 0 1000 100\" preserveAspectRatio=\"none\">\n\t<path class=\"elementor-shape-fill\" opacity=\"0.33\" d=\"M473,67.3c-203.9,88.3-263.1-34-320.3,0C66,119.1,0,59.7,0,59.7V0h1000v59.7 c0,0-62.1,26.1-94.9,29.3c-32.8,3.3-62.8-12.3-75.8-22.1C806,49.6,745.3,8.7,694.9,4.7S492.4,59,473,67.3z\"\/>\n\t<path class=\"elementor-shape-fill\" opacity=\"0.66\" d=\"M734,67.3c-45.5,0-77.2-23.2-129.1-39.1c-28.6-8.7-150.3-10.1-254,39.1 s-91.7-34.4-149.2,0C115.7,118.3,0,39.8,0,39.8V0h1000v36.5c0,0-28.2-18.5-92.1-18.5C810.2,18.1,775.7,67.3,734,67.3z\"\/>\n\t<path class=\"elementor-shape-fill\" d=\"M766.1,28.9c-200-57.5-266,65.5-395.1,19.5C242,1.8,242,5.4,184.8,20.6C128,35.8,132.3,44.9,89.9,52.5C28.6,63.7,0,0,0,0 h1000c0,0-9.9,40.9-83.6,48.1S829.6,47,766.1,28.9z\"\/>\n<\/svg>\t\t<\/div>\n\t\t\t\t\t<div class=\"elementor-container elementor-column-gap-extended\">\n\t\t\t\t\t\t\t<div class=\"elementor-row\">\n\t\t\t\t\t<div class=\"elementor-column elementor-col-50 elementor-top-column elementor-element elementor-element-5e8b37de\" data-id=\"5e8b37de\" data-element_type=\"column\">\n\t\t\t<div class=\"elementor-column-wrap elementor-element-populated\">\n\t\t\t\t\t\t\t<div class=\"elementor-widget-wrap\">\n\t\t\t\t\t\t<div class=\"elementor-element elementor-element-60005612 elementor-invisible elementor-widget elementor-widget-image\" data-id=\"60005612\" data-element_type=\"widget\" data-settings=\"{&quot;_animation&quot;:&quot;fadeInUp&quot;}\" data-widget_type=\"image.default\">\n\t\t\t\t<div class=\"elementor-widget-container\">\n\t\t\t\t\t\t\t\t<div class=\"elementor-image\">\n\t\t\t\t\t\t\t\t\t\t\t\t<img loading=\"lazy\" decoding=\"async\" width=\"1512\" height=\"1512\" src=\"https:\/\/www.ideaufficio.bg.it\/wp-content\/uploads\/2020\/07\/17239708_799144386927259_3016067436189149162_o.jpg\" class=\"attachment-full size-full\" alt=\"\" srcset=\"https:\/\/www.ideaufficio.bg.it\/wp-content\/uploads\/2020\/07\/17239708_799144386927259_3016067436189149162_o.jpg 1512w, https:\/\/www.ideaufficio.bg.it\/wp-content\/uploads\/2020\/07\/17239708_799144386927259_3016067436189149162_o-300x300.jpg 300w, https:\/\/www.ideaufficio.bg.it\/wp-content\/uploads\/2020\/07\/17239708_799144386927259_3016067436189149162_o-1024x1024.jpg 1024w, https:\/\/www.ideaufficio.bg.it\/wp-content\/uploads\/2020\/07\/17239708_799144386927259_3016067436189149162_o-150x150.jpg 150w, https:\/\/www.ideaufficio.bg.it\/wp-content\/uploads\/2020\/07\/17239708_799144386927259_3016067436189149162_o-768x768.jpg 768w\" sizes=\"auto, (max-width: 1512px) 100vw, 1512px\" \/>\t\t\t\t\t\t\t\t\t\t\t\t\t\t<\/div>\n\t\t\t\t\t\t<\/div>\n\t\t\t\t<\/div>\n\t\t\t\t\t\t<\/div>\n\t\t\t\t\t<\/div>\n\t\t<\/div>\n\t\t\t\t<div class=\"elementor-column elementor-col-50 elementor-top-column elementor-element elementor-element-43a4568\" data-id=\"43a4568\" data-element_type=\"column\">\n\t\t\t<div class=\"elementor-column-wrap elementor-element-populated\">\n\t\t\t\t\t\t\t<div class=\"elementor-widget-wrap\">\n\t\t\t\t\t\t<div class=\"elementor-element elementor-element-09235d0 elementor-widget elementor-widget-text-editor\" data-id=\"09235d0\" data-element_type=\"widget\" data-widget_type=\"text-editor.default\">\n\t\t\t\t<div class=\"elementor-widget-container\">\n\t\t\t\t\t\t\t\t<div class=\"elementor-text-editor elementor-clearfix\">\n\t\t\t\t<p>IDEA UFFICIO S.R.L<\/p>\t\t\t\t\t<\/div>\n\t\t\t\t\t\t<\/div>\n\t\t\t\t<\/div>\n\t\t\t\t<div class=\"elementor-element elementor-element-6e6183a elementor-widget elementor-widget-cholot-title\" data-id=\"6e6183a\" data-element_type=\"widget\" data-widget_type=\"cholot-title.default\">\n\t\t\t\t<div class=\"elementor-widget-container\">\n\t\t\t<h2 class=\"content-title\">AFFILIATO BUFFETTI<\/h2>\t\t<\/div>\n\t\t\t\t<\/div>\n\t\t\t\t<div class=\"elementor-element elementor-element-042d994 elementor-widget-divider--view-line elementor-widget elementor-widget-divider\" data-id=\"042d994\" data-element_type=\"widget\" data-widget_type=\"divider.default\">\n\t\t\t\t<div class=\"elementor-widget-container\">\n\t\t\t\t\t<div class=\"elementor-divider\">\n\t\t\t<span class=\"elementor-divider-separator\">\n\t\t\t\t\t\t<\/span>\n\t\t<\/div>\n\t\t\t\t<\/div>\n\t\t\t\t<\/div>\n\t\t\t\t<section class=\"elementor-section elementor-inner-section elementor-element elementor-element-4784b05 elementor-section-boxed elementor-section-height-default elementor-section-height-default\" data-id=\"4784b05\" data-element_type=\"section\">\n\t\t\t\t\t\t<div class=\"elementor-container elementor-column-gap-no\">\n\t\t\t\t\t\t\t<div class=\"elementor-row\">\n\t\t\t\t\t<div class=\"elementor-column elementor-col-100 elementor-inner-column elementor-element elementor-element-4bd88b8\" data-id=\"4bd88b8\" data-element_type=\"column\">\n\t\t\t<div class=\"elementor-column-wrap elementor-element-populated\">\n\t\t\t\t\t\t\t<div class=\"elementor-widget-wrap\">\n\t\t\t\t\t\t<div class=\"elementor-element elementor-element-755437a elementor-widget__width-auto elementor-widget elementor-widget-cholot-button-text\" data-id=\"755437a\" data-element_type=\"widget\" data-widget_type=\"cholot-button-text.default\">\n\t\t\t\t<div class=\"elementor-widget-container\">\n\t\t\t\n<a class=\"content-btn content-btn-left\"\n    href=\"https:\/\/theme.winnertheme.com\/cholot\/contact\/\">\n\n        <span class=\"content-btn-align-icon-left content-btn-button-icon btn-text-special\">\n        <i aria-hidden=\"true\" class=\"fas fa-phone-square-alt\"><\/i>    <\/span>\n    \n    <span class=\"button-text\"> Tel. 035 926338 | Cell. 392 5597643<\/span>\n    <span class=\"button-sub\">CHIAMACI<\/span>\n<\/a>\n\n\n\t\t<\/div>\n\t\t\t\t<\/div>\n\t\t\t\t<div class=\"elementor-element elementor-element-69b702d elementor-widget__width-auto elementor-widget elementor-widget-cholot-button-text\" data-id=\"69b702d\" data-element_type=\"widget\" data-widget_type=\"cholot-button-text.default\">\n\t\t\t\t<div class=\"elementor-widget-container\">\n\t\t\t\n<a class=\"content-btn content-btn-left\"\n    href=\"https:\/\/idea.jeniuscommunications.it\/\">\n\n        <span class=\"content-btn-align-icon-left content-btn-button-icon btn-text-special\">\n        <i aria-hidden=\"true\" class=\"far fa-envelope-open\"><\/i>    <\/span>\n    \n    <span class=\"button-text\">info@ideaufficio.bg.it | ideaufficiosnc@pec.buffetti.it<\/span>\n    <span class=\"button-sub\">Send an email<\/span>\n<\/a>\n\n\n\t\t<\/div>\n\t\t\t\t<\/div>\n\t\t\t\t\t\t<\/div>\n\t\t\t\t\t<\/div>\n\t\t<\/div>\n\t\t\t\t\t\t\t\t<\/div>\n\t\t\t\t\t<\/div>\n\t\t<\/section>\n\t\t\t\t<div class=\"elementor-element elementor-element-7227149 elementor-widget elementor-widget-text-editor\" data-id=\"7227149\" data-element_type=\"widget\" data-widget_type=\"text-editor.default\">\n\t\t\t\t<div class=\"elementor-widget-container\">\n\t\t\t\t\t\t\t\t<div class=\"elementor-text-editor elementor-clearfix\">\n\t\t\t\t<p>Idea Ufficio Srl,\u00a0<strong>concessionaria Buffetti<\/strong>, nasce nel 1993 a Villongo (in provincia di Bergamo) su volere della famiglia Albertinelli. L\u2019attivit\u00e0 si estende negli anni 2000 trasferendosi in Via XXV Aprile n\u00b0 6, in una struttura pi\u00f9 adeguata alle nuove esigenze di mercato.<\/p><p>Nel corso degli anni, poi,\u00a0<strong>l\u2019attenzione verso ci\u00f2 che il mercato propone<\/strong>\u00a0porta a una rivisitazione delle strategie e della comunicazione della propria immagine: il culmine di tutto ci\u00f2 \u00e8 il 2015, quando il negozio cambia layout proiettandosi al futuro senza disperdere la traccia del passato e la filosofia commerciale per soddisfare al meglio i clienti.<\/p><p>Idea Ufficio Srl opera sul territorio di Bergamo e Brescia, mettendo a disposizione\u00a0<strong>articoli di cancelleria, arredamenti per ufficio, materiale scolastico, vendita e assistenza PC, software gestionali<\/strong>\u00a0e molto altro. \u00c8 in grado di rifornire enti pubblici e, da concessionaria Buffetti qual \u00e8, offre prodotti e servizi di alta qualit\u00e0 in grado di venire incontro a qualsiasi esigenza: in poche parole, il partner ideale per aziende, professionisti e commercianti.<\/p>\t\t\t\t\t<\/div>\n\t\t\t\t\t\t<\/div>\n\t\t\t\t<\/div>\n\t\t\t\t\t\t<\/div>\n\t\t\t\t\t<\/div>\n\t\t<\/div>\n\t\t\t\t\t\t\t\t<\/div>\n\t\t\t\t\t<\/div>\n\t\t<\/section>\n\t\t\t\t\t\t\t\t\t<\/div>\n\t\t\t<\/div>\n\t\t\t\t\t<\/div>\n\t\t","protected":false},"excerpt":{"rendered":"<p>IDEA UFFICIO S.R.L CHI SIAMO IDEA UFFICIO S.R.L AFFILIATO BUFFETTI Tel. 035 926338 | Cell. 392 5597643 CHIAMACI info@ideaufficio.bg.it | ideaufficiosnc@pec.buffetti.it Send an email Idea Ufficio Srl,\u00a0concessionaria Buffetti, nasce nel 1993 a Villongo (in provincia di Bergamo) su volere della famiglia Albertinelli. L\u2019attivit\u00e0 si estende negli anni 2000 trasferendosi in Via XXV Aprile n\u00b0 6, in una struttura pi\u00f9 adeguata &hellip;<\/p>\n","protected":false},"author":1,"featured_media":0,"parent":0,"menu_order":0,"comment_status":"closed","ping_status":"closed","template":"blank-builder.php","meta":{"footnotes":""},"class_list":["post-179","page","type-page","status-publish","hentry"],"_links":{"self":[{"href":"https:\/\/www.ideaufficio.bg.it\/index.php\/wp-json\/wp\/v2\/pages\/179","targetHints":{"allow":["GET"]}}],"collection":[{"href":"https:\/\/www.ideaufficio.bg.it\/index.php\/wp-json\/wp\/v2\/pages"}],"about":[{"href":"https:\/\/www.ideaufficio.bg.it\/index.php\/wp-json\/wp\/v2\/types\/page"}],"author":[{"embeddable":true,"href":"https:\/\/www.ideaufficio.bg.it\/index.php\/wp-json\/wp\/v2\/users\/1"}],"replies":[{"embeddable":true,"href":"https:\/\/www.ideaufficio.bg.it\/index.php\/wp-json\/wp\/v2\/comments?post=179"}],"version-history":[{"count":10,"href":"https:\/\/www.ideaufficio.bg.it\/index.php\/wp-json\/wp\/v2\/pages\/179\/revisions"}],"predecessor-version":[{"id":1735,"href":"https:\/\/www.ideaufficio.bg.it\/index.php\/wp-json\/wp\/v2\/pages\/179\/revisions\/1735"}],"wp:attachment":[{"href":"https:\/\/www.ideaufficio.bg.it\/index.php\/wp-json\/wp\/v2\/media?parent=179"}],"curies":[{"name":"wp","href":"https:\/\/api.w.org\/{rel}","templated":true}]}}